{"id":47,"date":"2020-08-11T10:32:04","date_gmt":"2020-08-11T10:32:04","guid":{"rendered":"https:\/\/demo.keonthemes.com\/gutener\/demo11\/?page_id=34"},"modified":"2021-06-03T14:24:50","modified_gmt":"2021-06-03T17:24:50","slug":"sobre","status":"publish","type":"page","link":"https:\/\/seguropratico.com.br\/?page_id=47","title":{"rendered":"Sobre"},"content":{"rendered":"\n<section id=\"gm1a29f9d\" class=\"wp-block-gutentor-m4 alignfull section-gm1a29f9d gutentor-module gutentor-advanced-columns has-image-bg has-custom-bg has-gutentor-overlay g-valign-c-mobile g-valign-c-tablet g-valign-c-desktop gutentor-equal-column-height\"><div class=\"grid-container\"><div class=\"grid-row\">\n<div id=\"col-gm3102a4\" class=\"wp-block-gutentor-m4-col col-gm3102a4 gutentor-single-column  grid-lg-12 grid-md-12 grid-12\"><div id=\"section-gm3102a4\" class=\"section-gm3102a4 gutentor-col-wrap\">\n<div id=\"section-gf578a7\" class=\"wp-block-gutentor-e0 section-gf578a7 gutentor-element gutentor-element-advanced-text text-align-center-desktop text-align-center-tablet text-align-center-mobile\"><div class=\"gutentor-text-wrap\"><h2 class=\"gutentor-text\">Quem Somos<\/h2><\/div><\/div>\n<\/div><\/div>\n<\/div><\/div><\/section>\n\n\n\n<section id=\"gmb4936ba\" class=\"wp-block-gutentor-m4 section-gmb4936ba gutentor-module gutentor-advanced-columns gutentor-bshape-fv g-pos-r-desktop g-pos-d-tablet g-pos-d-mobile g-pos-custom-desktop gutentor-equal-column-height\"><div class=\"grid-container\"><div class=\"grid-row\">\n<div id=\"col-gm595989\" class=\"wp-block-gutentor-m4-col col-gm595989 gutentor-single-column  grid-lg-6 grid-md-12 grid-12\"><div id=\"section-gm595989\" class=\"section-gm595989 gutentor-col-wrap\">\n<div id=\"section-g2a901a\" class=\"wp-block-gutentor-e6 section-g2a901a gutentor-element gutentor-element-image g-pos-a-desktop g-pos-d-tablet g-pos-d-mobile g-pos-custom-desktop text-align-center-desktop text-align-center-tablet text-align-center-mobile default-tablet default-mobile\"><div class=\"gutentor-element-image-box\"><div class=\"gutentor-image-thumb\"><img decoding=\"async\" class=\"normal-image\" src=\"https:\/\/seguropratico.com.br\/wp-content\/uploads\/2021\/06\/julio-cezar-seguro-pratico-sobre2.png\" \/><\/div><\/div><\/div>\n<\/div><\/div>\n\n\n\n<div id=\"col-gme6262a\" class=\"wp-block-gutentor-m4-col col-gme6262a gutentor-single-column  grid-lg-6 grid-md-12 grid-12\"><div id=\"section-gme6262a\" class=\"section-gme6262a gutentor-col-wrap\">\n<div id=\"section-gce1c74\" class=\"wp-block-gutentor-e1 section-gce1c74 gutentor-element gutentor-element-advanced-text text-align-left-desktop text-align-center-tablet text-align-center-mobile\"><div class=\"gutentor-text-wrap\"><h2 class=\"gutentor-text\">A Seguro Pr\u00e1tico<\/h2><\/div><\/div>\n\n\n\n<div id=\"section-g85e845\" class=\"wp-block-gutentor-e1 section-g85e845 gutentor-element gutentor-element-advanced-text text-align-left-desktop text-align-center-tablet text-align-center-mobile\"><div class=\"gutentor-text-wrap\"><h4 class=\"gutentor-text\">Nossa Hist\u00f3ria<\/h4><\/div><\/div>\n\n\n\n<div id=\"section-g123c3e\" class=\"wp-block-gutentor-e1 section-g123c3e gutentor-element gutentor-element-advanced-text text-align-justify-desktop text-align-center-tablet text-align-justify-mobile\"><div class=\"gutentor-text-wrap\"><p class=\"gutentor-text\">A Seguro Pr\u00e1tico Corretora foi fundada por <strong>Julio Cezar<\/strong>, na cidade de S\u00e3o Paulo, totalizando 10 anos de experi\u00eancia na \u00e1rea securit\u00e1ria.<br>Criada para mudar o modo de como as pessoas veem e pensam sobre seguros, para melhorar a sociedade, o espa\u00e7o onde vivemos, e claro, sem esquecer do mais importante, deixar voc\u00ea sempre protegido para aproveitar a vida.<br>Queremos fazer a diferen\u00e7a e deixar todos confort\u00e1veis, ent\u00e3o venha com a gente e aproveite a vida.<br><\/p><\/div><\/div>\n\n\n\n<div id=\"section-gafd422\" class=\"wp-block-gutentor-e1 section-gafd422 gutentor-element gutentor-element-advanced-text text-align-left-desktop text-align-center-tablet text-align-center-mobile\"><div class=\"gutentor-text-wrap\"><h4 class=\"gutentor-text\">Quem \u00e9 J\u00falio Cezar?<\/h4><\/div><\/div>\n\n\n\n<p>Formado em Processos Gerenciais pela Faculdade de Neg\u00f3cios Carlos Drummond de Andrade, Especializado na \u00e1rea de Seguros pela Escola Nacional de Seguros (ENS).<br>Membro do Rotaract Club S\u00e3o Paulo Mandaqui desde 2019. Lidera o F\u00f3rum de Jovens Empreendedores da Distrital Norte da Associa\u00e7\u00e3o Comercial de S\u00e3o Paulo e Conselheiro Distrital da unidade Santana da Associa\u00e7\u00e3o Comercial de S\u00e3o Paulo.<br>Idealizador e fundador da Seguro Pr\u00e1tico Corretora de Seguros, iniciando suas atividades no ano de 2017, com registro de recadastramento na SUSEP \u2013 Superintend\u00eancia de seguros gerais N\u00b0 201103064.<\/p>\n<\/div><\/div>\n<\/div><\/div><\/section>\n\n\n\n<div class=\"wp-block-columns is-layout-flex wp-container-core-columns-is-layout-9d6595d7 wp-block-columns-is-layout-flex\">\n<div class=\"wp-block-column is-layout-flow wp-block-column-is-layout-flow\" style=\"flex-basis:100%\">\n<section id=\"gm8cf615f\" class=\"wp-block-gutentor-m3 section-gm8cf615f gutentor-module gutentor-container-cover\"><div class=\"grid-container\">\n<div class=\"wp-block-group\"><div class=\"wp-block-group__inner-container is-layout-flow wp-block-group-is-layout-flow\">\n<div class=\"wp-block-columns is-layout-flex wp-container-core-columns-is-layout-9d6595d7 wp-block-columns-is-layout-flex\">\n<div class=\"wp-block-column is-layout-flow wp-block-column-is-layout-flow\" style=\"flex-basis:100%\">\n<div class=\"wp-block-columns is-layout-flex wp-container-core-columns-is-layout-9d6595d7 wp-block-columns-is-layout-flex\">\n<div class=\"wp-block-column is-layout-flow wp-block-column-is-layout-flow\" style=\"flex-basis:100%\">\n<section id=\"section-835f5a3a-76a1-4745-acea-3c68965006fe\" class=\"wp-block-gutentor-counter-box gutentor-section gutentor-counter-wrapper counter-template3 has-image-bg has-custom-bg has-gutentor-overlay g-pos-r-desktop g-pos-r-tablet g-pos-r-mobile\"><div class=\"grid-container\"><div class=\"grid-row gutentor-grid-item-wrap\"><div class=\"gutentor-grid-column grid-lg-3 grid-md-6 grid-12\"><div class=\"gutentor-single-item gutentor-counter gutentor-single-item-0\"><div class=\"gutentor-single-item-wrap\"><div class=\"gutentor-single-item-icon-box\"><i class=\"fas fa-user-check\"><\/i><\/div><div class=\"gutentor-single-item-content\"><span class=\"gutentor-single-item-number\" data-duration=\"2\" data-start=\"0\" data-end=\"800\"><\/span><h4 class=\"gutentor-single-item-title\">Clientes<\/h4><\/div><\/div><\/div><\/div><div class=\"gutentor-grid-column grid-lg-3 grid-md-6 grid-12\"><div class=\"gutentor-single-item gutentor-counter gutentor-single-item-1\"><div class=\"gutentor-single-item-wrap\"><div class=\"gutentor-single-item-icon-box\"><i class=\"fas fa-user-friends\"><\/i><\/div><div class=\"gutentor-single-item-content\"><span class=\"gutentor-single-item-number\" data-duration=\"2\" data-start=\"0\" data-end=\"295\"><\/span><h4 class=\"gutentor-single-item-title\">Conquistas protegidas<\/h4><\/div><\/div><\/div><\/div><div class=\"gutentor-grid-column grid-lg-3 grid-md-6 grid-12\"><div class=\"gutentor-single-item gutentor-counter gutentor-single-item-2\"><div class=\"gutentor-single-item-wrap\"><div class=\"gutentor-single-item-icon-box\"><i class=\"fas fa-hospital\"><\/i><\/div><div class=\"gutentor-single-item-content\"><span class=\"gutentor-single-item-number\" data-duration=\"2\" data-start=\"0\" data-end=\"300\"><\/span><h4 class=\"gutentor-single-item-title\">Empresas asseguradas<\/h4><\/div><\/div><\/div><\/div><div class=\"gutentor-grid-column grid-lg-3 grid-md-6 grid-12\"><div class=\"gutentor-single-item gutentor-counter gutentor-single-item-3\"><div class=\"gutentor-single-item-wrap\"><div class=\"gutentor-single-item-icon-box\"><i class=\"fas fa-user-tie\"><\/i><\/div><div class=\"gutentor-single-item-content\"><span class=\"gutentor-single-item-number\" data-duration=\"2\" data-start=\"0\" data-end=\"250\"><\/span><h4 class=\"gutentor-single-item-title\">Profissionais protegidos<\/h4><\/div><\/div><\/div><\/div><\/div><\/div><\/section>\n<\/div>\n<\/div>\n<\/div>\n<\/div>\n<\/div><\/div>\n<\/div><\/section>\n\n\n\n<p><\/p>\n<\/div>\n<\/div>\n","protected":false},"excerpt":{"rendered":"","protected":false},"author":1,"featured_media":0,"parent":0,"menu_order":0,"comment_status":"closed","ping_status":"closed","template":"template-gutentor-full-width.php","meta":{"om_disable_all_campaigns":false,"footnotes":""},"class_list":["post-47","page","type-page","status-publish","hentry"],"_links":{"self":[{"href":"https:\/\/seguropratico.com.br\/index.php?rest_route=\/wp\/v2\/pages\/47","targetHints":{"allow":["GET"]}}],"collection":[{"href":"https:\/\/seguropratico.com.br\/index.php?rest_route=\/wp\/v2\/pages"}],"about":[{"href":"https:\/\/seguropratico.com.br\/index.php?rest_route=\/wp\/v2\/types\/page"}],"author":[{"embeddable":true,"href":"https:\/\/seguropratico.com.br\/index.php?rest_route=\/wp\/v2\/users\/1"}],"replies":[{"embeddable":true,"href":"https:\/\/seguropratico.com.br\/index.php?rest_route=%2Fwp%2Fv2%2Fcomments&post=47"}],"version-history":[{"count":0,"href":"https:\/\/seguropratico.com.br\/index.php?rest_route=\/wp\/v2\/pages\/47\/revisions"}],"wp:attachment":[{"href":"https:\/\/seguropratico.com.br\/index.php?rest_route=%2Fwp%2Fv2%2Fmedia&parent=47"}],"curies":[{"name":"wp","href":"https:\/\/api.w.org\/{rel}","templated":true}]}}