{"id":49,"date":"2020-08-11T10:31:38","date_gmt":"2020-08-11T13:31:38","guid":{"rendered":"https:\/\/demo.keonthemes.com\/gutener\/demo11\/?page_id=32"},"modified":"2021-06-03T15:48:57","modified_gmt":"2021-06-03T18:48:57","slug":"julio-cezar","status":"publish","type":"page","link":"https:\/\/seguropratico.com.br\/?page_id=49","title":{"rendered":"J\u00falio Cezar"},"content":{"rendered":"\n<p>A Seguro Pr\u00e1tico Corretora foi fundada por J\u00falio Cezar na cidade de S\u00e3o Paulo, totalizando 7 anos de experi\u00eancia na \u00e1rea securit\u00e1ria.<\/p>\n","protected":false},"excerpt":{"rendered":"<p>A Seguro Pr\u00e1tico Corretora foi fundada por J\u00falio Cezar na cidade de S\u00e3o Paulo, totalizando 7 anos de experi\u00eancia na \u00e1rea securit\u00e1ria.<\/p>\n","protected":false},"author":1,"featured_media":97,"parent":0,"menu_order":0,"comment_status":"closed","ping_status":"closed","template":"","meta":{"om_disable_all_campaigns":false,"footnotes":""},"class_list":["post-49","page","type-page","status-publish","has-post-thumbnail","hentry"],"_links":{"self":[{"href":"https:\/\/seguropratico.com.br\/index.php?rest_route=\/wp\/v2\/pages\/49","targetHints":{"allow":["GET"]}}],"collection":[{"href":"https:\/\/seguropratico.com.br\/index.php?rest_route=\/wp\/v2\/pages"}],"about":[{"href":"https:\/\/seguropratico.com.br\/index.php?rest_route=\/wp\/v2\/types\/page"}],"author":[{"embeddable":true,"href":"https:\/\/seguropratico.com.br\/index.php?rest_route=\/wp\/v2\/users\/1"}],"replies":[{"embeddable":true,"href":"https:\/\/seguropratico.com.br\/index.php?rest_route=%2Fwp%2Fv2%2Fcomments&post=49"}],"version-history":[{"count":5,"href":"https:\/\/seguropratico.com.br\/index.php?rest_route=\/wp\/v2\/pages\/49\/revisions"}],"predecessor-version":[{"id":1199,"href":"https:\/\/seguropratico.com.br\/index.php?rest_route=\/wp\/v2\/pages\/49\/revisions\/1199"}],"wp:featuredmedia":[{"embeddable":true,"href":"https:\/\/seguropratico.com.br\/index.php?rest_route=\/wp\/v2\/media\/97"}],"wp:attachment":[{"href":"https:\/\/seguropratico.com.br\/index.php?rest_route=%2Fwp%2Fv2%2Fmedia&parent=49"}],"curies":[{"name":"wp","href":"https:\/\/api.w.org\/{rel}","templated":true}]}}